{"id":274,"date":"2024-06-01T18:17:00","date_gmt":"2024-06-01T16:17:00","guid":{"rendered":"https:\/\/tepro.hr\/?page_id=274"},"modified":"2024-06-15T19:12:42","modified_gmt":"2024-06-15T17:12:42","slug":"o-nama","status":"publish","type":"page","link":"https:\/\/tepro.hr\/index.php\/o-nama\/","title":{"rendered":"O nama"},"content":{"rendered":"<p style=\"text-align: center;\">Tepro d.o.o. je tvrtka specijalizirana za prodaju i servis strojeva za podzemnu gradnju \u2013 rovogloda\u010da za kopanje kanala, horizontalnih bu\u0161ilica, strojeva za mikrotuneliranje, pneumatskih probija\u010da, strojeva za utiskivanje \u010deli\u010dnih cijevi, sustava za zamjenu podzemnih instalacija, ure\u0111aja za detekciju podzemnih instalacija I navigaciju bu\u0161e\u0107ih glava, te ostalih alata i isplaka koje se koriste pri horizontalnom bu\u0161enju.<\/p>\n<p>&nbsp;<\/p>\n<div class=\"onama-gal\"><a href=\"http:\/\/tepro.hr\/wp\/wp-content\/uploads\/2015\/08\/ditch-witch-lead-2.jpg\"><img loading=\"lazy\" decoding=\"async\" class=\"alignnone wp-image-33 size-medium\" src=\"http:\/\/tepro.hr\/wp\/wp-content\/uploads\/2015\/08\/ditch-witch-lead-2-300x300.jpg\" alt=\"Ditch Witch Konstrukcijske bu\u0161ilice i rovokopa\u010di\" width=\"300\" height=\"300\" srcset=\"https:\/\/tepro.hr\/wp\/wp-content\/uploads\/2015\/08\/ditch-witch-lead-2-300x300.jpg 300w, https:\/\/tepro.hr\/wp\/wp-content\/uploads\/2015\/08\/ditch-witch-lead-2-150x150.jpg 150w, https:\/\/tepro.hr\/wp\/wp-content\/uploads\/2015\/08\/ditch-witch-lead-2.jpg 500w\" sizes=\"auto, (max-width: 300px) 100vw, 300px\" \/><\/a><a href=\"http:\/\/tepro.hr\/wp\/wp-content\/uploads\/2024\/06\/eyJidWNrZXQiOiJhbGlnbmFibGV3ZWItcHJvZHVjdGlvbiIsImtleSI6InNlcnZpY2VzL3BpY3R1cmVzL21lZGl1bS8yODU5OTQvMTQ5OTI2ODg0M19ibG9iIiwiZWRpdHMiOnt9fQ-1.jpg\"><img loading=\"lazy\" decoding=\"async\" class=\"alignnone wp-image-333 size-large\" src=\"http:\/\/tepro.hr\/wp\/wp-content\/uploads\/2024\/06\/eyJidWNrZXQiOiJhbGlnbmFibGV3ZWItcHJvZHVjdGlvbiIsImtleSI6InNlcnZpY2VzL3BpY3R1cmVzL21lZGl1bS8yODU5OTQvMTQ5OTI2ODg0M19ibG9iIiwiZWRpdHMiOnt9fQ-1-1024x639.jpg\" alt=\"\" width=\"1024\" height=\"639\" srcset=\"https:\/\/tepro.hr\/wp\/wp-content\/uploads\/2024\/06\/eyJidWNrZXQiOiJhbGlnbmFibGV3ZWItcHJvZHVjdGlvbiIsImtleSI6InNlcnZpY2VzL3BpY3R1cmVzL21lZGl1bS8yODU5OTQvMTQ5OTI2ODg0M19ibG9iIiwiZWRpdHMiOnt9fQ-1-1024x639.jpg 1024w, https:\/\/tepro.hr\/wp\/wp-content\/uploads\/2024\/06\/eyJidWNrZXQiOiJhbGlnbmFibGV3ZWItcHJvZHVjdGlvbiIsImtleSI6InNlcnZpY2VzL3BpY3R1cmVzL21lZGl1bS8yODU5OTQvMTQ5OTI2ODg0M19ibG9iIiwiZWRpdHMiOnt9fQ-1-300x187.jpg 300w, https:\/\/tepro.hr\/wp\/wp-content\/uploads\/2024\/06\/eyJidWNrZXQiOiJhbGlnbmFibGV3ZWItcHJvZHVjdGlvbiIsImtleSI6InNlcnZpY2VzL3BpY3R1cmVzL21lZGl1bS8yODU5OTQvMTQ5OTI2ODg0M19ibG9iIiwiZWRpdHMiOnt9fQ-1-768x479.jpg 768w, https:\/\/tepro.hr\/wp\/wp-content\/uploads\/2024\/06\/eyJidWNrZXQiOiJhbGlnbmFibGV3ZWItcHJvZHVjdGlvbiIsImtleSI6InNlcnZpY2VzL3BpY3R1cmVzL21lZGl1bS8yODU5OTQvMTQ5OTI2ODg0M19ibG9iIiwiZWRpdHMiOnt9fQ-1.jpg 1160w\" sizes=\"auto, (max-width: 1024px) 100vw, 1024px\" \/><\/a><a href=\"http:\/\/tepro.hr\/wp\/wp-content\/uploads\/2015\/08\/Model-RT45-2.jpg\"><img loading=\"lazy\" decoding=\"async\" class=\"alignnone wp-image-236 size-large\" src=\"http:\/\/tepro.hr\/wp\/wp-content\/uploads\/2015\/08\/Model-RT45-2-1024x684.jpg\" alt=\"\" width=\"1024\" height=\"684\" srcset=\"https:\/\/tepro.hr\/wp\/wp-content\/uploads\/2015\/08\/Model-RT45-2-1024x684.jpg 1024w, https:\/\/tepro.hr\/wp\/wp-content\/uploads\/2015\/08\/Model-RT45-2-300x200.jpg 300w, https:\/\/tepro.hr\/wp\/wp-content\/uploads\/2015\/08\/Model-RT45-2-768x513.jpg 768w, https:\/\/tepro.hr\/wp\/wp-content\/uploads\/2015\/08\/Model-RT45-2.jpg 1170w\" sizes=\"auto, (max-width: 1024px) 100vw, 1024px\" \/><\/a><a href=\"http:\/\/tepro.hr\/wp\/wp-content\/uploads\/2024\/06\/6085b6f7b4a259e13fe1a7445c5439a9.jpg\"><img loading=\"lazy\" decoding=\"async\" class=\"alignnone wp-image-335 size-full\" src=\"http:\/\/tepro.hr\/wp\/wp-content\/uploads\/2024\/06\/6085b6f7b4a259e13fe1a7445c5439a9.jpg\" alt=\"\" width=\"800\" height=\"600\" srcset=\"https:\/\/tepro.hr\/wp\/wp-content\/uploads\/2024\/06\/6085b6f7b4a259e13fe1a7445c5439a9.jpg 800w, https:\/\/tepro.hr\/wp\/wp-content\/uploads\/2024\/06\/6085b6f7b4a259e13fe1a7445c5439a9-300x225.jpg 300w, https:\/\/tepro.hr\/wp\/wp-content\/uploads\/2024\/06\/6085b6f7b4a259e13fe1a7445c5439a9-768x576.jpg 768w\" sizes=\"auto, (max-width: 800px) 100vw, 800px\" \/><\/a><a href=\"http:\/\/tepro.hr\/wp\/wp-content\/uploads\/2024\/06\/cebi-holland-lead.jpg\"><img loading=\"lazy\" decoding=\"async\" class=\"alignnone wp-image-331 size-full\" src=\"http:\/\/tepro.hr\/wp\/wp-content\/uploads\/2024\/06\/cebi-holland-lead.jpg\" alt=\"\" width=\"845\" height=\"684\" srcset=\"https:\/\/tepro.hr\/wp\/wp-content\/uploads\/2024\/06\/cebi-holland-lead.jpg 845w, https:\/\/tepro.hr\/wp\/wp-content\/uploads\/2024\/06\/cebi-holland-lead-300x243.jpg 300w, https:\/\/tepro.hr\/wp\/wp-content\/uploads\/2024\/06\/cebi-holland-lead-768x622.jpg 768w\" sizes=\"auto, (max-width: 845px) 100vw, 845px\" \/><\/a><a href=\"http:\/\/tepro.hr\/wp\/wp-content\/uploads\/2015\/08\/simex-1.jpg\"><img loading=\"lazy\" decoding=\"async\" class=\"alignnone wp-image-255 size-full\" src=\"http:\/\/tepro.hr\/wp\/wp-content\/uploads\/2015\/08\/simex-1.jpg\" alt=\"\" width=\"700\" height=\"574\" srcset=\"https:\/\/tepro.hr\/wp\/wp-content\/uploads\/2015\/08\/simex-1.jpg 700w, https:\/\/tepro.hr\/wp\/wp-content\/uploads\/2015\/08\/simex-1-300x246.jpg 300w\" sizes=\"auto, (max-width: 700px) 100vw, 700px\" \/><\/a><a href=\"http:\/\/tepro.hr\/wp\/wp-content\/uploads\/2015\/08\/subsite-2.jpg\"><img loading=\"lazy\" decoding=\"async\" class=\"alignnone wp-image-260 size-full\" src=\"http:\/\/tepro.hr\/wp\/wp-content\/uploads\/2015\/08\/subsite-2.jpg\" alt=\"\" width=\"615\" height=\"470\" srcset=\"https:\/\/tepro.hr\/wp\/wp-content\/uploads\/2015\/08\/subsite-2.jpg 615w, https:\/\/tepro.hr\/wp\/wp-content\/uploads\/2015\/08\/subsite-2-300x229.jpg 300w\" sizes=\"auto, (max-width: 615px) 100vw, 615px\" \/><\/a><a href=\"http:\/\/tepro.hr\/wp\/wp-content\/uploads\/2015\/08\/simex-4.jpg\"><img loading=\"lazy\" decoding=\"async\" class=\"alignnone wp-image-258 size-full\" src=\"http:\/\/tepro.hr\/wp\/wp-content\/uploads\/2015\/08\/simex-4.jpg\" alt=\"\" width=\"700\" height=\"574\" srcset=\"https:\/\/tepro.hr\/wp\/wp-content\/uploads\/2015\/08\/simex-4.jpg 700w, https:\/\/tepro.hr\/wp\/wp-content\/uploads\/2015\/08\/simex-4-300x246.jpg 300w\" sizes=\"auto, (max-width: 700px) 100vw, 700px\" \/><\/a><\/div>\n","protected":false},"excerpt":{"rendered":"<p>Tepro d.o.o. je tvrtka specijalizirana za prodaju i servis strojeva za podzemnu gradnju \u2013 rovogloda\u010da za kopanje kanala, horizontalnih bu\u0161ilica, [&hellip;]<\/p>\n","protected":false},"author":1,"featured_media":244,"parent":0,"menu_order":0,"comment_status":"closed","ping_status":"closed","template":"contact.php","meta":{"ngg_post_thumbnail":0,"footnotes":""},"class_list":["post-274","page","type-page","status-publish","has-post-thumbnail","hentry"],"_links":{"self":[{"href":"https:\/\/tepro.hr\/index.php\/wp-json\/wp\/v2\/pages\/274","targetHints":{"allow":["GET"]}}],"collection":[{"href":"https:\/\/tepro.hr\/index.php\/wp-json\/wp\/v2\/pages"}],"about":[{"href":"https:\/\/tepro.hr\/index.php\/wp-json\/wp\/v2\/types\/page"}],"author":[{"embeddable":true,"href":"https:\/\/tepro.hr\/index.php\/wp-json\/wp\/v2\/users\/1"}],"replies":[{"embeddable":true,"href":"https:\/\/tepro.hr\/index.php\/wp-json\/wp\/v2\/comments?post=274"}],"version-history":[{"count":21,"href":"https:\/\/tepro.hr\/index.php\/wp-json\/wp\/v2\/pages\/274\/revisions"}],"predecessor-version":[{"id":337,"href":"https:\/\/tepro.hr\/index.php\/wp-json\/wp\/v2\/pages\/274\/revisions\/337"}],"wp:featuredmedia":[{"embeddable":true,"href":"https:\/\/tepro.hr\/index.php\/wp-json\/wp\/v2\/media\/244"}],"wp:attachment":[{"href":"https:\/\/tepro.hr\/index.php\/wp-json\/wp\/v2\/media?parent=274"}],"curies":[{"name":"wp","href":"https:\/\/api.w.org\/{rel}","templated":true}]}}