{"id":4,"date":"2015-08-01T15:59:14","date_gmt":"2015-08-01T13:59:14","guid":{"rendered":"http:\/\/tepro.hr\/wp\/?page_id=4"},"modified":"2024-06-01T19:38:19","modified_gmt":"2024-06-01T17:38:19","slug":"pocetna","status":"publish","type":"page","link":"https:\/\/tepro.hr\/","title":{"rendered":"Po\u010detna"},"content":{"rendered":"<h2 style=\"text-align: center;\">Tepro d.o.o. &#8211; O nama<\/h2>\n<p>Tepro d.o.o. je tvrtka specijalizirana za prodaju i servis strojeva za podzemnu gradnju \u2013 rovogloda\u010da za kopanje kanala, horizontalnih bu\u0161ilica, strojeva za mikrotuneliranje, pneumatskih probija\u010da, strojeva za utiskivanje \u010deli\u010dnih cijevi, sustava za zamjenu podzemnih instalacija, ure\u0111aja za detekciju podzemnih instalacija i navigaciju bu\u0161e\u0107ih glava, te ostalih alata i isplaka koje se koriste pri horizontalnom bu\u0161enju.<\/p>\n<p><a class=\"wpcf7-submit\" href=\"\/o-nama\">Saznaj vi\u0161e<\/a><\/p>\n","protected":false},"excerpt":{"rendered":"<p>Tepro d.o.o. &#8211; O nama Tepro d.o.o. je tvrtka specijalizirana za prodaju i servis strojeva za podzemnu gradnju \u2013 rovogloda\u010da [&hellip;]<\/p>\n","protected":false},"author":1,"featured_media":0,"parent":0,"menu_order":0,"comment_status":"open","ping_status":"open","template":"home.php","meta":{"ngg_post_thumbnail":0,"footnotes":""},"class_list":["post-4","page","type-page","status-publish","hentry"],"_links":{"self":[{"href":"https:\/\/tepro.hr\/index.php\/wp-json\/wp\/v2\/pages\/4","targetHints":{"allow":["GET"]}}],"collection":[{"href":"https:\/\/tepro.hr\/index.php\/wp-json\/wp\/v2\/pages"}],"about":[{"href":"https:\/\/tepro.hr\/index.php\/wp-json\/wp\/v2\/types\/page"}],"author":[{"embeddable":true,"href":"https:\/\/tepro.hr\/index.php\/wp-json\/wp\/v2\/users\/1"}],"replies":[{"embeddable":true,"href":"https:\/\/tepro.hr\/index.php\/wp-json\/wp\/v2\/comments?post=4"}],"version-history":[{"count":9,"href":"https:\/\/tepro.hr\/index.php\/wp-json\/wp\/v2\/pages\/4\/revisions"}],"predecessor-version":[{"id":281,"href":"https:\/\/tepro.hr\/index.php\/wp-json\/wp\/v2\/pages\/4\/revisions\/281"}],"wp:attachment":[{"href":"https:\/\/tepro.hr\/index.php\/wp-json\/wp\/v2\/media?parent=4"}],"curies":[{"name":"wp","href":"https:\/\/api.w.org\/{rel}","templated":true}]}}